{"id":24674,"date":"2022-11-30T11:58:04","date_gmt":"2022-11-30T11:58:04","guid":{"rendered":"https:\/\/safebookingsurgery.com\/?page_id=24674"},"modified":"2022-12-01T14:53:52","modified_gmt":"2022-12-01T14:53:52","slug":"arrival","status":"publish","type":"page","link":"https:\/\/safebookingsurgery.com\/de\/arrival\/","title":{"rendered":"Transfer"},"content":{"rendered":"<div data-elementor-type=\"wp-page\" data-elementor-id=\"24674\" class=\"elementor elementor-24674\">\n\t\t\t\t\t\t<div class=\"elementor-inner\">\n\t\t\t\t<div class=\"elementor-section-wrap\">\n\t\t\t\t\t\t\t\t\t<section class=\"elementor-section elementor-top-section elementor-element elementor-element-38b8da61 elementor-section-boxed elementor-section-height-default elementor-section-height-default cd-bg-color-transparent\" data-id=\"38b8da61\" data-element_type=\"section\">\n\t\t\t\t\t\t<div class=\"elementor-container elementor-column-gap-default\">\n\t\t\t\t\t\t\t<div class=\"elementor-row\">\n\t\t\t\t\t<div class=\"elementor-column elementor-col-100 elementor-top-column elementor-element elementor-element-22a930ec cd-bg-color-transparent\" data-id=\"22a930ec\" data-element_type=\"column\">\n\t\t\t<div class=\"elementor-column-wrap elementor-element-populated\">\n\t\t\t\t\t\t\t<div class=\"elementor-widget-wrap\">\n\t\t\t\t\t\t\t\t<\/div>\n\t\t\t\t\t<\/div>\n\t\t<\/div>\n\t\t\t\t\t\t\t\t<\/div>\n\t\t\t\t\t<\/div>\n\t\t<\/section>\n\t\t\t\t<section class=\"elementor-section elementor-top-section elementor-element elementor-element-79a78fb6 elementor-section-stretched elementor-section-boxed elementor-section-height-default elementor-section-height-default cd-bg-color-transparent\" data-id=\"79a78fb6\" data-element_type=\"section\" data-settings=\"{&quot;stretch_section&quot;:&quot;section-stretched&quot;}\">\n\t\t\t\t\t\t<div class=\"elementor-container elementor-column-gap-no\">\n\t\t\t\t\t\t\t<div class=\"elementor-row\">\n\t\t\t\t\t<div class=\"elementor-column elementor-col-50 elementor-top-column elementor-element elementor-element-46bf7297 cd-bg-color-transparent\" data-id=\"46bf7297\" data-element_type=\"column\">\n\t\t\t<div class=\"elementor-column-wrap elementor-element-populated\">\n\t\t\t\t\t\t\t<div class=\"elementor-widget-wrap\">\n\t\t\t\t\t\t<div class=\"elementor-element elementor-element-1ff57e8 elementor-widget elementor-widget-image\" data-id=\"1ff57e8\" data-element_type=\"widget\" data-widget_type=\"image.default\">\n\t\t\t\t<div class=\"elementor-widget-container\">\n\t\t\t<style>\/*! elementor - v3.8.0 - 30-10-2022 *\/\n.elementor-widget-image{text-align:center}.elementor-widget-image a{display:inline-block}.elementor-widget-image a img[src$=\".svg\"]{width:48px}.elementor-widget-image img{vertical-align:middle;display:inline-block}<\/style>\t\t\t\t\t<div class=\"elementor-image\">\n\t\t\t\t\t\t\t\t\t\t\t\t<img loading=\"lazy\" decoding=\"async\" width=\"640\" height=\"360\" src=\"https:\/\/safebookingsurgery.com\/wp-content\/uploads\/2022\/11\/Mercedes-vito-vip-1024x576.jpg\" class=\"attachment-large size-large\" alt=\"\" srcset=\"https:\/\/safebookingsurgery.com\/wp-content\/uploads\/2022\/11\/Mercedes-vito-vip-1024x576.jpg 1024w, https:\/\/safebookingsurgery.com\/wp-content\/uploads\/2022\/11\/Mercedes-vito-vip-300x169.jpg 300w, https:\/\/safebookingsurgery.com\/wp-content\/uploads\/2022\/11\/Mercedes-vito-vip-768x432.jpg 768w, https:\/\/safebookingsurgery.com\/wp-content\/uploads\/2022\/11\/Mercedes-vito-vip.jpg 1280w\" sizes=\"auto, (max-width: 640px) 100vw, 640px\" \/>\t\t\t\t\t\t\t\t\t\t\t\t\t\t<\/div>\n\t\t\t\t\t\t<\/div>\n\t\t\t\t<\/div>\n\t\t\t\t\t\t<\/div>\n\t\t\t\t\t<\/div>\n\t\t<\/div>\n\t\t\t\t<div class=\"elementor-column elementor-col-50 elementor-top-column elementor-element elementor-element-11be7274 cd-bg-color-transparent\" data-id=\"11be7274\" data-element_type=\"column\">\n\t\t\t<div class=\"elementor-column-wrap elementor-element-populated\">\n\t\t\t\t\t\t\t<div class=\"elementor-widget-wrap\">\n\t\t\t\t\t\t<div class=\"elementor-element elementor-element-a0633c5 elementor-widget elementor-widget-text-editor\" data-id=\"a0633c5\" data-element_type=\"widget\" data-widget_type=\"text-editor.default\">\n\t\t\t\t<div class=\"elementor-widget-container\">\n\t\t\t<style>\/*! elementor - v3.8.0 - 30-10-2022 *\/\n.elementor-widget-text-editor.elementor-drop-cap-view-stacked .elementor-drop-cap{background-color:#818a91;color:#fff}.elementor-widget-text-editor.elementor-drop-cap-view-framed .elementor-drop-cap{color:#818a91;border:3px solid;background-color:transparent}.elementor-widget-text-editor:not(.elementor-drop-cap-view-default) .elementor-drop-cap{margin-top:8px}.elementor-widget-text-editor:not(.elementor-drop-cap-view-default) .elementor-drop-cap-letter{width:1em;height:1em}.elementor-widget-text-editor .elementor-drop-cap{float:left;text-align:center;line-height:1;font-size:50px}.elementor-widget-text-editor .elementor-drop-cap-letter{display:inline-block}<\/style>\t\t\t\t\t<div class=\"elementor-text-editor elementor-clearfix\">\n\t\t\t\t<p>Sobald Sie ankommen, warten unsere VIP-Transfers au\u00dferhalb des Flughafens auf Sie. Sie werden mit einem luxuri\u00f6sen und komfortablen VIP-Transfer abgeholt und gem\u00e4\u00df Ihrem Unterkunftsplan zum Krankenhaus oder Hotel gebracht.<\/p>\t\t\t\t\t<\/div>\n\t\t\t\t\t\t<\/div>\n\t\t\t\t<\/div>\n\t\t\t\t\t\t<\/div>\n\t\t\t\t\t<\/div>\n\t\t<\/div>\n\t\t\t\t\t\t\t\t<\/div>\n\t\t\t\t\t<\/div>\n\t\t<\/section>\n\t\t\t\t<section class=\"elementor-section elementor-top-section elementor-element elementor-element-d60c92a elementor-section-boxed elementor-section-height-default elementor-section-height-default cd-bg-color-transparent\" data-id=\"d60c92a\" data-element_type=\"section\">\n\t\t\t\t\t\t<div class=\"elementor-container elementor-column-gap-default\">\n\t\t\t\t\t\t\t<div class=\"elementor-row\">\n\t\t\t\t\t<div class=\"elementor-column elementor-col-100 elementor-top-column elementor-element elementor-element-7007917 cd-bg-color-transparent\" data-id=\"7007917\" data-element_type=\"column\">\n\t\t\t<div class=\"elementor-column-wrap elementor-element-populated\">\n\t\t\t\t\t\t\t<div class=\"elementor-widget-wrap\">\n\t\t\t\t\t\t<div class=\"elementor-element elementor-element-4c27661 elementor-widget elementor-widget-gallery\" data-id=\"4c27661\" data-element_type=\"widget\" data-settings=\"{&quot;lazyload&quot;:&quot;yes&quot;,&quot;gallery_layout&quot;:&quot;grid&quot;,&quot;columns&quot;:4,&quot;columns_tablet&quot;:2,&quot;columns_mobile&quot;:1,&quot;gap&quot;:{&quot;unit&quot;:&quot;px&quot;,&quot;size&quot;:10,&quot;sizes&quot;:[]},&quot;gap_tablet&quot;:{&quot;unit&quot;:&quot;px&quot;,&quot;size&quot;:10,&quot;sizes&quot;:[]},&quot;gap_mobile&quot;:{&quot;unit&quot;:&quot;px&quot;,&quot;size&quot;:10,&quot;sizes&quot;:[]},&quot;link_to&quot;:&quot;file&quot;,&quot;aspect_ratio&quot;:&quot;3:2&quot;,&quot;overlay_background&quot;:&quot;yes&quot;,&quot;content_hover_animation&quot;:&quot;fade-in&quot;}\" data-widget_type=\"gallery.default\">\n\t\t\t\t<div class=\"elementor-widget-container\">\n\t\t\t<style>\/*! elementor-pro - v3.8.1 - 07-11-2022 *\/\n.elementor-gallery__container{min-height:1px}.elementor-gallery-item{position:relative;overflow:hidden;display:block;text-decoration:none;border:solid var(--image-border-width) var(--image-border-color);border-radius:var(--image-border-radius)}.elementor-gallery-item__content,.elementor-gallery-item__overlay{height:100%;width:100%;position:absolute;top:0;left:0}.elementor-gallery-item__overlay{mix-blend-mode:var(--overlay-mix-blend-mode);-webkit-transition-duration:var(--overlay-transition-duration);-o-transition-duration:var(--overlay-transition-duration);transition-duration:var(--overlay-transition-duration);-webkit-transition-property:mix-blend-mode,opacity,background-color,-webkit-transform;transition-property:mix-blend-mode,opacity,background-color,-webkit-transform;-o-transition-property:mix-blend-mode,transform,opacity,background-color;transition-property:mix-blend-mode,transform,opacity,background-color;transition-property:mix-blend-mode,transform,opacity,background-color,-webkit-transform}.elementor-gallery-item__image.e-gallery-image{-webkit-transition-duration:var(--image-transition-duration);-o-transition-duration:var(--image-transition-duration);transition-duration:var(--image-transition-duration);-webkit-transition-property:-webkit-filter,-webkit-transform;transition-property:-webkit-filter,-webkit-transform;-o-transition-property:filter,transform;transition-property:filter,transform;transition-property:filter,transform,-webkit-filter,-webkit-transform}.elementor-gallery-item__content{display:-webkit-box;display:-ms-flexbox;display:flex;-webkit-box-orient:vertical;-webkit-box-direction:normal;-ms-flex-direction:column;flex-direction:column;-webkit-box-pack:var(--content-justify-content,center);-ms-flex-pack:var(--content-justify-content,center);justify-content:var(--content-justify-content,center);-webkit-box-align:center;-ms-flex-align:center;align-items:center;text-align:var(--content-text-align);padding:var(--content-padding)}.elementor-gallery-item__content>div{-webkit-transition-duration:var(--content-transition-duration);-o-transition-duration:var(--content-transition-duration);transition-duration:var(--content-transition-duration)}.elementor-gallery-item__content.elementor-gallery--sequenced-animation>div:nth-child(2){-webkit-transition-delay:calc(var(--content-transition-delay) \/ 3);-o-transition-delay:calc(var(--content-transition-delay) \/ 3);transition-delay:calc(var(--content-transition-delay) \/ 3)}.elementor-gallery-item__content.elementor-gallery--sequenced-animation>div:nth-child(3){-webkit-transition-delay:calc(var(--content-transition-delay) \/ 3 * 2);-o-transition-delay:calc(var(--content-transition-delay) \/ 3 * 2);transition-delay:calc(var(--content-transition-delay) \/ 3 * 2)}.elementor-gallery-item__content.elementor-gallery--sequenced-animation>div:nth-child(4){-webkit-transition-delay:calc(var(--content-transition-delay) \/ 3 * 3);-o-transition-delay:calc(var(--content-transition-delay) \/ 3 * 3);transition-delay:calc(var(--content-transition-delay) \/ 3 * 3)}.elementor-gallery-item__description{color:var(--description-text-color,#fff);width:100%}.elementor-gallery-item__title{color:var(--title-text-color,#fff);font-weight:700;width:100%}.elementor-gallery__titles-container{display:-webkit-box;display:-ms-flexbox;display:flex;-ms-flex-wrap:wrap;flex-wrap:wrap;-webkit-box-pack:var(--titles-container-justify-content,center);-ms-flex-pack:var(--titles-container-justify-content,center);justify-content:var(--titles-container-justify-content,center);margin-bottom:20px}.elementor-gallery__titles-container:not(.e--pointer-framed) .elementor-item:after,.elementor-gallery__titles-container:not(.e--pointer-framed) .elementor-item:before{background-color:var(--galleries-pointer-bg-color-hover)}.elementor-gallery__titles-container:not(.e--pointer-framed) .elementor-item.elementor-item-active:after,.elementor-gallery__titles-container:not(.e--pointer-framed) .elementor-item.elementor-item-active:before{background-color:var(--galleries-pointer-bg-color-active)}.elementor-gallery__titles-container.e--pointer-framed .elementor-item:before{border-color:var(--galleries-pointer-bg-color-hover);border-width:var(--galleries-pointer-border-width)}.elementor-gallery__titles-container.e--pointer-framed .elementor-item:after{border-color:var(--galleries-pointer-bg-color-hover)}.elementor-gallery__titles-container.e--pointer-framed .elementor-item.elementor-item-active:after,.elementor-gallery__titles-container.e--pointer-framed .elementor-item.elementor-item-active:before{border-color:var(--galleries-pointer-bg-color-active)}.elementor-gallery__titles-container.e--pointer-framed.e--animation-draw .elementor-item:before{border-left-width:var(--galleries-pointer-border-width);border-bottom-width:var(--galleries-pointer-border-width);border-right-width:0;border-top-width:0}.elementor-gallery__titles-container.e--pointer-framed.e--animation-draw .elementor-item:after{border-left-width:0;border-bottom-width:0;border-right-width:var(--galleries-pointer-border-width);border-top-width:var(--galleries-pointer-border-width)}.elementor-gallery__titles-container.e--pointer-framed.e--animation-corners .elementor-item:before{border-left-width:var(--galleries-pointer-border-width);border-bottom-width:0;border-right-width:0;border-top-width:var(--galleries-pointer-border-width)}.elementor-gallery__titles-container.e--pointer-framed.e--animation-corners .elementor-item:after{border-left-width:0;border-bottom-width:var(--galleries-pointer-border-width);border-right-width:var(--galleries-pointer-border-width);border-top-width:0}.elementor-gallery__titles-container .e--pointer-double-line .elementor-item:after,.elementor-gallery__titles-container .e--pointer-double-line .elementor-item:before,.elementor-gallery__titles-container .e--pointer-overline .elementor-item:before,.elementor-gallery__titles-container .e--pointer-underline .elementor-item:after{height:var(--galleries-pointer-border-width)}.elementor-gallery-title{--space-between:10px;cursor:pointer;color:#6d7882;font-weight:500;position:relative;padding:7px 14px;-webkit-transition:all .3s;-o-transition:all .3s;transition:all .3s}.elementor-gallery-title--active{color:#495157}.elementor-gallery-title:not(:last-child){margin-right:var(--space-between)}.elementor-gallery-item__title+.elementor-gallery-item__description{margin-top:var(--description-margin-top)}.e-gallery-item.elementor-gallery-item{-webkit-transition-property:all;-o-transition-property:all;transition-property:all}.e-gallery-item.elementor-animated-content .elementor-animated-item--enter-from-bottom,.e-gallery-item.elementor-animated-content .elementor-animated-item--enter-from-left,.e-gallery-item.elementor-animated-content .elementor-animated-item--enter-from-right,.e-gallery-item.elementor-animated-content .elementor-animated-item--enter-from-top,.e-gallery-item:hover .elementor-gallery__item-overlay-bg,.e-gallery-item:hover .elementor-gallery__item-overlay-content,.e-gallery-item:hover .elementor-gallery__item-overlay-content__description,.e-gallery-item:hover .elementor-gallery__item-overlay-content__title{opacity:1}a.elementor-item.elementor-gallery-title{color:var(--galleries-title-color-normal)}a.elementor-item.elementor-gallery-title.elementor-item-active,a.elementor-item.elementor-gallery-title.highlighted,a.elementor-item.elementor-gallery-title:focus,a.elementor-item.elementor-gallery-title:hover{color:var(--galleries-title-color-hover)}a.elementor-item.elementor-gallery-title.elementor-item-active{color:var(--gallery-title-color-active)}.e-con-inner>.elementor-widget-gallery,.e-con>.elementor-widget-gallery{width:var(--container-widget-width,100%)}<\/style>\t\t<div class=\"elementor-gallery__container\">\n\t\t\t\t\t\t\t<a class=\"e-gallery-item elementor-gallery-item elementor-animated-content\" href=\"https:\/\/safebookingsurgery.com\/wp-content\/uploads\/2022\/11\/PHOTO-2022-04-21-11-38-28.jpg\" data-elementor-open-lightbox=\"yes\" data-elementor-lightbox-slideshow=\"all-4c27661\" data-elementor-lightbox-title=\"PHOTO-2022-04-21-11-38-28\" e-action-hash=\"#elementor-action%3Aaction%3Dlightbox%26settings%3DeyJpZCI6MjQ2NzYsInVybCI6Imh0dHBzOlwvXC9zYWZlYm9va2luZ3N1cmdlcnkuY29tXC93cC1jb250ZW50XC91cGxvYWRzXC8yMDIyXC8xMVwvUEhPVE8tMjAyMi0wNC0yMS0xMS0zOC0yOC5qcGciLCJzbGlkZXNob3ciOiJhbGwtNGMyNzY2MSJ9\">\n\t\t\t\t\t<div class=\"e-gallery-image elementor-gallery-item__image\" data-thumbnail=\"https:\/\/safebookingsurgery.com\/wp-content\/uploads\/2022\/11\/PHOTO-2022-04-21-11-38-28-300x300.jpg\" data-width=\"300\" data-height=\"300\" alt=\"\" ><\/div>\n\t\t\t\t\t\t\t\t\t\t\t<div class=\"elementor-gallery-item__overlay\"><\/div>\n\t\t\t\t\t\t\t\t\t\t\t\t\t\t<\/a>\n\t\t\t\t\t\t\t<a class=\"e-gallery-item elementor-gallery-item elementor-animated-content\" href=\"https:\/\/safebookingsurgery.com\/wp-content\/uploads\/2022\/11\/PHOTO-2022-04-21-11-38-29_1.jpg\" data-elementor-open-lightbox=\"yes\" data-elementor-lightbox-slideshow=\"all-4c27661\" data-elementor-lightbox-title=\"PHOTO-2022-04-21-11-38-29_1\" e-action-hash=\"#elementor-action%3Aaction%3Dlightbox%26settings%3DeyJpZCI6MjQ2NzcsInVybCI6Imh0dHBzOlwvXC9zYWZlYm9va2luZ3N1cmdlcnkuY29tXC93cC1jb250ZW50XC91cGxvYWRzXC8yMDIyXC8xMVwvUEhPVE8tMjAyMi0wNC0yMS0xMS0zOC0yOV8xLmpwZyIsInNsaWRlc2hvdyI6ImFsbC00YzI3NjYxIn0%3D\">\n\t\t\t\t\t<div class=\"e-gallery-image elementor-gallery-item__image\" data-thumbnail=\"https:\/\/safebookingsurgery.com\/wp-content\/uploads\/2022\/11\/PHOTO-2022-04-21-11-38-29_1-300x169.jpg\" data-width=\"300\" data-height=\"169\" alt=\"\" ><\/div>\n\t\t\t\t\t\t\t\t\t\t\t<div class=\"elementor-gallery-item__overlay\"><\/div>\n\t\t\t\t\t\t\t\t\t\t\t\t\t\t<\/a>\n\t\t\t\t\t\t\t<a class=\"e-gallery-item elementor-gallery-item elementor-animated-content\" href=\"https:\/\/safebookingsurgery.com\/wp-content\/uploads\/2022\/11\/PHOTO-2022-04-21-11-38-29.jpg\" data-elementor-open-lightbox=\"yes\" data-elementor-lightbox-slideshow=\"all-4c27661\" data-elementor-lightbox-title=\"PHOTO-2022-04-21-11-38-29\" e-action-hash=\"#elementor-action%3Aaction%3Dlightbox%26settings%3DeyJpZCI6MjQ2NzgsInVybCI6Imh0dHBzOlwvXC9zYWZlYm9va2luZ3N1cmdlcnkuY29tXC93cC1jb250ZW50XC91cGxvYWRzXC8yMDIyXC8xMVwvUEhPVE8tMjAyMi0wNC0yMS0xMS0zOC0yOS5qcGciLCJzbGlkZXNob3ciOiJhbGwtNGMyNzY2MSJ9\">\n\t\t\t\t\t<div class=\"e-gallery-image elementor-gallery-item__image\" data-thumbnail=\"https:\/\/safebookingsurgery.com\/wp-content\/uploads\/2022\/11\/PHOTO-2022-04-21-11-38-29-169x300.jpg\" data-width=\"169\" data-height=\"300\" alt=\"\" ><\/div>\n\t\t\t\t\t\t\t\t\t\t\t<div class=\"elementor-gallery-item__overlay\"><\/div>\n\t\t\t\t\t\t\t\t\t\t\t\t\t\t<\/a>\n\t\t\t\t\t\t\t<a class=\"e-gallery-item elementor-gallery-item elementor-animated-content\" href=\"https:\/\/safebookingsurgery.com\/wp-content\/uploads\/2022\/11\/PHOTO-2022-04-21-11-38-30_1.jpg\" data-elementor-open-lightbox=\"yes\" data-elementor-lightbox-slideshow=\"all-4c27661\" data-elementor-lightbox-title=\"PHOTO-2022-04-21-11-38-30_1\" e-action-hash=\"#elementor-action%3Aaction%3Dlightbox%26settings%3DeyJpZCI6MjQ2NzksInVybCI6Imh0dHBzOlwvXC9zYWZlYm9va2luZ3N1cmdlcnkuY29tXC93cC1jb250ZW50XC91cGxvYWRzXC8yMDIyXC8xMVwvUEhPVE8tMjAyMi0wNC0yMS0xMS0zOC0zMF8xLmpwZyIsInNsaWRlc2hvdyI6ImFsbC00YzI3NjYxIn0%3D\">\n\t\t\t\t\t<div class=\"e-gallery-image elementor-gallery-item__image\" data-thumbnail=\"https:\/\/safebookingsurgery.com\/wp-content\/uploads\/2022\/11\/PHOTO-2022-04-21-11-38-30_1-300x300.jpg\" data-width=\"300\" data-height=\"300\" alt=\"\" ><\/div>\n\t\t\t\t\t\t\t\t\t\t\t<div class=\"elementor-gallery-item__overlay\"><\/div>\n\t\t\t\t\t\t\t\t\t\t\t\t\t\t<\/a>\n\t\t\t\t\t\t\t<a class=\"e-gallery-item elementor-gallery-item elementor-animated-content\" href=\"https:\/\/safebookingsurgery.com\/wp-content\/uploads\/2022\/11\/PHOTO-2022-04-21-11-38-30.jpg\" data-elementor-open-lightbox=\"yes\" data-elementor-lightbox-slideshow=\"all-4c27661\" data-elementor-lightbox-title=\"PHOTO-2022-04-21-11-38-30\" e-action-hash=\"#elementor-action%3Aaction%3Dlightbox%26settings%3DeyJpZCI6MjQ2ODAsInVybCI6Imh0dHBzOlwvXC9zYWZlYm9va2luZ3N1cmdlcnkuY29tXC93cC1jb250ZW50XC91cGxvYWRzXC8yMDIyXC8xMVwvUEhPVE8tMjAyMi0wNC0yMS0xMS0zOC0zMC5qcGciLCJzbGlkZXNob3ciOiJhbGwtNGMyNzY2MSJ9\">\n\t\t\t\t\t<div class=\"e-gallery-image elementor-gallery-item__image\" data-thumbnail=\"https:\/\/safebookingsurgery.com\/wp-content\/uploads\/2022\/11\/PHOTO-2022-04-21-11-38-30-300x300.jpg\" data-width=\"300\" data-height=\"300\" alt=\"\" ><\/div>\n\t\t\t\t\t\t\t\t\t\t\t<div class=\"elementor-gallery-item__overlay\"><\/div>\n\t\t\t\t\t\t\t\t\t\t\t\t\t\t<\/a>\n\t\t\t\t\t\t\t<a class=\"e-gallery-item elementor-gallery-item elementor-animated-content\" href=\"https:\/\/safebookingsurgery.com\/wp-content\/uploads\/2022\/11\/PHOTO-2022-04-21-11-38-31_1.jpg\" data-elementor-open-lightbox=\"yes\" data-elementor-lightbox-slideshow=\"all-4c27661\" data-elementor-lightbox-title=\"PHOTO-2022-04-21-11-38-31_1\" e-action-hash=\"#elementor-action%3Aaction%3Dlightbox%26settings%3DeyJpZCI6MjQ2ODEsInVybCI6Imh0dHBzOlwvXC9zYWZlYm9va2luZ3N1cmdlcnkuY29tXC93cC1jb250ZW50XC91cGxvYWRzXC8yMDIyXC8xMVwvUEhPVE8tMjAyMi0wNC0yMS0xMS0zOC0zMV8xLmpwZyIsInNsaWRlc2hvdyI6ImFsbC00YzI3NjYxIn0%3D\">\n\t\t\t\t\t<div class=\"e-gallery-image elementor-gallery-item__image\" data-thumbnail=\"https:\/\/safebookingsurgery.com\/wp-content\/uploads\/2022\/11\/PHOTO-2022-04-21-11-38-31_1-300x200.jpg\" data-width=\"300\" data-height=\"200\" alt=\"\" ><\/div>\n\t\t\t\t\t\t\t\t\t\t\t<div class=\"elementor-gallery-item__overlay\"><\/div>\n\t\t\t\t\t\t\t\t\t\t\t\t\t\t<\/a>\n\t\t\t\t\t\t\t<a class=\"e-gallery-item elementor-gallery-item elementor-animated-content\" href=\"https:\/\/safebookingsurgery.com\/wp-content\/uploads\/2022\/11\/PHOTO-2022-04-21-11-38-31.jpg\" data-elementor-open-lightbox=\"yes\" data-elementor-lightbox-slideshow=\"all-4c27661\" data-elementor-lightbox-title=\"PHOTO-2022-04-21-11-38-31\" e-action-hash=\"#elementor-action%3Aaction%3Dlightbox%26settings%3DeyJpZCI6MjQ2ODMsInVybCI6Imh0dHBzOlwvXC9zYWZlYm9va2luZ3N1cmdlcnkuY29tXC93cC1jb250ZW50XC91cGxvYWRzXC8yMDIyXC8xMVwvUEhPVE8tMjAyMi0wNC0yMS0xMS0zOC0zMS5qcGciLCJzbGlkZXNob3ciOiJhbGwtNGMyNzY2MSJ9\">\n\t\t\t\t\t<div class=\"e-gallery-image elementor-gallery-item__image\" data-thumbnail=\"https:\/\/safebookingsurgery.com\/wp-content\/uploads\/2022\/11\/PHOTO-2022-04-21-11-38-31-300x200.jpg\" data-width=\"300\" data-height=\"200\" alt=\"\" ><\/div>\n\t\t\t\t\t\t\t\t\t\t\t<div class=\"elementor-gallery-item__overlay\"><\/div>\n\t\t\t\t\t\t\t\t\t\t\t\t\t\t<\/a>\n\t\t\t\t\t\t\t<a class=\"e-gallery-item elementor-gallery-item elementor-animated-content\" href=\"https:\/\/safebookingsurgery.com\/wp-content\/uploads\/2022\/11\/PHOTO-2022-04-21-11-38-32.jpg\" data-elementor-open-lightbox=\"yes\" data-elementor-lightbox-slideshow=\"all-4c27661\" data-elementor-lightbox-title=\"PHOTO-2022-04-21-11-38-32\" e-action-hash=\"#elementor-action%3Aaction%3Dlightbox%26settings%3DeyJpZCI6MjQ2ODQsInVybCI6Imh0dHBzOlwvXC9zYWZlYm9va2luZ3N1cmdlcnkuY29tXC93cC1jb250ZW50XC91cGxvYWRzXC8yMDIyXC8xMVwvUEhPVE8tMjAyMi0wNC0yMS0xMS0zOC0zMi5qcGciLCJzbGlkZXNob3ciOiJhbGwtNGMyNzY2MSJ9\">\n\t\t\t\t\t<div class=\"e-gallery-image elementor-gallery-item__image\" data-thumbnail=\"https:\/\/safebookingsurgery.com\/wp-content\/uploads\/2022\/11\/PHOTO-2022-04-21-11-38-32-300x249.jpg\" data-width=\"300\" data-height=\"249\" alt=\"\" ><\/div>\n\t\t\t\t\t\t\t\t\t\t\t<div class=\"elementor-gallery-item__overlay\"><\/div>\n\t\t\t\t\t\t\t\t\t\t\t\t\t\t<\/a>\n\t\t\t\t\t<\/div>\n\t\t\t<\/div>\n\t\t\t\t<\/div>\n\t\t\t\t\t\t<\/div>\n\t\t\t\t\t<\/div>\n\t\t<\/div>\n\t\t\t\t\t\t\t\t<\/div>\n\t\t\t\t\t<\/div>\n\t\t<\/section>\n\t\t\t\t\t\t\t\t\t<\/div>\n\t\t\t<\/div>\n\t\t\t\t\t<\/div>","protected":false},"excerpt":{"rendered":"<p>Sobald Sie ankommen, warten unsere VIP-Transfers au\u00dferhalb des Flughafens auf Sie. Sie werden mit einem luxuri\u00f6sen und komfortablen VIP-Transfer abgeholt und gem\u00e4\u00df Ihrem Unterkunftsplan zum Krankenhaus oder Hotel gebracht.<\/p>","protected":false},"author":1,"featured_media":0,"parent":0,"menu_order":0,"comment_status":"closed","ping_status":"closed","template":"elementor_header_footer","meta":{"_glsr_average":0,"_glsr_ranking":0,"_glsr_reviews":0,"footnotes":""},"class_list":["post-24674","page","type-page","status-publish","hentry","without-image"],"_links":{"self":[{"href":"https:\/\/safebookingsurgery.com\/de\/wp-json\/wp\/v2\/pages\/24674","targetHints":{"allow":["GET"]}}],"collection":[{"href":"https:\/\/safebookingsurgery.com\/de\/wp-json\/wp\/v2\/pages"}],"about":[{"href":"https:\/\/safebookingsurgery.com\/de\/wp-json\/wp\/v2\/types\/page"}],"author":[{"embeddable":true,"href":"https:\/\/safebookingsurgery.com\/de\/wp-json\/wp\/v2\/users\/1"}],"replies":[{"embeddable":true,"href":"https:\/\/safebookingsurgery.com\/de\/wp-json\/wp\/v2\/comments?post=24674"}],"version-history":[{"count":8,"href":"https:\/\/safebookingsurgery.com\/de\/wp-json\/wp\/v2\/pages\/24674\/revisions"}],"predecessor-version":[{"id":24740,"href":"https:\/\/safebookingsurgery.com\/de\/wp-json\/wp\/v2\/pages\/24674\/revisions\/24740"}],"wp:attachment":[{"href":"https:\/\/safebookingsurgery.com\/de\/wp-json\/wp\/v2\/media?parent=24674"}],"curies":[{"name":"wp","href":"https:\/\/api.w.org\/{rel}","templated":true}]}}