{"id":24824,"date":"2022-12-02T13:54:08","date_gmt":"2022-12-02T13:54:08","guid":{"rendered":"https:\/\/safebookingsurgery.com\/?page_id=24824"},"modified":"2022-12-05T13:32:08","modified_gmt":"2022-12-05T13:32:08","slug":"preop-procedure","status":"publish","type":"page","link":"https:\/\/safebookingsurgery.com\/de\/preop-procedure\/","title":{"rendered":"Pr\u00e4operatives Vorgehen"},"content":{"rendered":"<div data-elementor-type=\"wp-page\" data-elementor-id=\"24824\" class=\"elementor elementor-24824\">\n\t\t\t\t\t\t<div class=\"elementor-inner\">\n\t\t\t\t<div class=\"elementor-section-wrap\">\n\t\t\t\t\t\t\t\t\t<section class=\"elementor-section elementor-top-section elementor-element elementor-element-4d28e0b elementor-section-boxed elementor-section-height-default elementor-section-height-default cd-bg-color-transparent\" data-id=\"4d28e0b\" data-element_type=\"section\">\n\t\t\t\t\t\t<div class=\"elementor-container elementor-column-gap-default\">\n\t\t\t\t\t\t\t<div class=\"elementor-row\">\n\t\t\t\t\t<div class=\"elementor-column elementor-col-100 elementor-top-column elementor-element elementor-element-14382ba1 cd-bg-color-transparent\" data-id=\"14382ba1\" data-element_type=\"column\">\n\t\t\t<div class=\"elementor-column-wrap elementor-element-populated\">\n\t\t\t\t\t\t\t<div class=\"elementor-widget-wrap\">\n\t\t\t\t\t\t\t\t<\/div>\n\t\t\t\t\t<\/div>\n\t\t<\/div>\n\t\t\t\t\t\t\t\t<\/div>\n\t\t\t\t\t<\/div>\n\t\t<\/section>\n\t\t\t\t<section class=\"elementor-section elementor-top-section elementor-element elementor-element-d2dd623 elementor-section-stretched elementor-section-boxed elementor-section-height-default elementor-section-height-default cd-bg-color-transparent\" data-id=\"d2dd623\" data-element_type=\"section\" data-settings=\"{&quot;stretch_section&quot;:&quot;section-stretched&quot;}\">\n\t\t\t\t\t\t<div class=\"elementor-container elementor-column-gap-no\">\n\t\t\t\t\t\t\t<div class=\"elementor-row\">\n\t\t\t\t\t<div class=\"elementor-column elementor-col-50 elementor-top-column elementor-element elementor-element-6458143 cd-bg-color-transparent\" data-id=\"6458143\" data-element_type=\"column\">\n\t\t\t<div class=\"elementor-column-wrap elementor-element-populated\">\n\t\t\t\t\t\t\t<div class=\"elementor-widget-wrap\">\n\t\t\t\t\t\t<div class=\"elementor-element elementor-element-37ae959 elementor-widget elementor-widget-image\" data-id=\"37ae959\" data-element_type=\"widget\" data-widget_type=\"image.default\">\n\t\t\t\t<div class=\"elementor-widget-container\">\n\t\t\t<style>\/*! elementor - v3.8.0 - 30-10-2022 *\/\n.elementor-widget-image{text-align:center}.elementor-widget-image a{display:inline-block}.elementor-widget-image a img[src$=\".svg\"]{width:48px}.elementor-widget-image img{vertical-align:middle;display:inline-block}<\/style>\t\t\t\t\t<div class=\"elementor-image\">\n\t\t\t\t\t\t\t\t\t\t\t\t<img loading=\"lazy\" decoding=\"async\" width=\"640\" height=\"640\" src=\"https:\/\/safebookingsurgery.com\/wp-content\/uploads\/2022\/12\/hos6-1024x1024.jpg\" class=\"attachment-large size-large\" alt=\"\" srcset=\"https:\/\/safebookingsurgery.com\/wp-content\/uploads\/2022\/12\/hos6-1024x1024.jpg 1024w, https:\/\/safebookingsurgery.com\/wp-content\/uploads\/2022\/12\/hos6-300x300.jpg 300w, https:\/\/safebookingsurgery.com\/wp-content\/uploads\/2022\/12\/hos6-150x150.jpg 150w, https:\/\/safebookingsurgery.com\/wp-content\/uploads\/2022\/12\/hos6-768x768.jpg 768w, https:\/\/safebookingsurgery.com\/wp-content\/uploads\/2022\/12\/hos6-600x600.jpg 600w, https:\/\/safebookingsurgery.com\/wp-content\/uploads\/2022\/12\/hos6.jpg 1500w\" sizes=\"auto, (max-width: 640px) 100vw, 640px\" \/>\t\t\t\t\t\t\t\t\t\t\t\t\t\t<\/div>\n\t\t\t\t\t\t<\/div>\n\t\t\t\t<\/div>\n\t\t\t\t\t\t<\/div>\n\t\t\t\t\t<\/div>\n\t\t<\/div>\n\t\t\t\t<div class=\"elementor-column elementor-col-50 elementor-top-column elementor-element elementor-element-6b15cd8a cd-bg-color-transparent\" data-id=\"6b15cd8a\" data-element_type=\"column\">\n\t\t\t<div class=\"elementor-column-wrap elementor-element-populated\">\n\t\t\t\t\t\t\t<div class=\"elementor-widget-wrap\">\n\t\t\t\t\t\t<div class=\"elementor-element elementor-element-16d62352 elementor-widget elementor-widget-hkangles-custom-heading\" data-id=\"16d62352\" data-element_type=\"widget\" data-widget_type=\"hkangles-custom-heading.default\">\n\t\t\t\t<div class=\"elementor-widget-container\">\n\t\t\t\t\t<div class=\"hkangles_custom_heading_wrapper hkangles-custom-heading1196802236 custom-heading-style-1 subtitle-text-uppercase title-text-capitalize heading-alignment-left\">\r\n\t\t\t<div class=\"hkangles-custom-heading-wrapper\">\r\n\t\t\t<div class=\"hkangles-heading-title-wrapper\">\r\n\t\t\t<h3 class=\"heading-title\">\r\n\t\t\t\tWas sind die Vorbereitungen vor einer bariatrischen Operation? \t\t\t<\/h3>\r\n\t\t<\/div>\r\n\t\t<\/div>\t\t<\/div>\r\n\t\t\t\t<\/div>\n\t\t\t\t<\/div>\n\t\t\t\t<div class=\"elementor-element elementor-element-2c4af252 elementor-widget elementor-widget-text-editor\" data-id=\"2c4af252\" data-element_type=\"widget\" data-widget_type=\"text-editor.default\">\n\t\t\t\t<div class=\"elementor-widget-container\">\n\t\t\t<style>\/*! elementor - v3.8.0 - 30-10-2022 *\/\n.elementor-widget-text-editor.elementor-drop-cap-view-stacked .elementor-drop-cap{background-color:#818a91;color:#fff}.elementor-widget-text-editor.elementor-drop-cap-view-framed .elementor-drop-cap{color:#818a91;border:3px solid;background-color:transparent}.elementor-widget-text-editor:not(.elementor-drop-cap-view-default) .elementor-drop-cap{margin-top:8px}.elementor-widget-text-editor:not(.elementor-drop-cap-view-default) .elementor-drop-cap-letter{width:1em;height:1em}.elementor-widget-text-editor .elementor-drop-cap{float:left;text-align:center;line-height:1;font-size:50px}.elementor-widget-text-editor .elementor-drop-cap-letter{display:inline-block}<\/style>\t\t\t\t\t<div class=\"elementor-text-editor elementor-clearfix\">\n\t\t\t\t<p>Obwohl alle Patienten einzeln untersucht werden, sind die folgenden Tests f\u00fcr jeden Patienten erforderlich:<\/p>\t\t\t\t\t<\/div>\n\t\t\t\t\t\t<\/div>\n\t\t\t\t<\/div>\n\t\t\t\t\t\t<\/div>\n\t\t\t\t\t<\/div>\n\t\t<\/div>\n\t\t\t\t\t\t\t\t<\/div>\n\t\t\t\t\t<\/div>\n\t\t<\/section>\n\t\t\t\t<section class=\"elementor-section elementor-top-section elementor-element elementor-element-2b4ff4b5 elementor-section-boxed elementor-section-height-default elementor-section-height-default cd-bg-color-transparent\" data-id=\"2b4ff4b5\" data-element_type=\"section\">\n\t\t\t\t\t\t<div class=\"elementor-container elementor-column-gap-default\">\n\t\t\t\t\t\t\t<div class=\"elementor-row\">\n\t\t\t\t\t<div class=\"elementor-column elementor-col-100 elementor-top-column elementor-element elementor-element-48927583 cd-bg-color-transparent\" data-id=\"48927583\" data-element_type=\"column\">\n\t\t\t<div class=\"elementor-column-wrap elementor-element-populated\">\n\t\t\t\t\t\t\t<div class=\"elementor-widget-wrap\">\n\t\t\t\t\t\t<div class=\"elementor-element elementor-element-66078609 hkangles-list-wrapper-style-2 elementor-widget elementor-widget-hkangles-list\" data-id=\"66078609\" data-element_type=\"widget\" data-widget_type=\"hkangles-list.default\">\n\t\t\t\t<div class=\"elementor-widget-container\">\n\t\t\t\t\t<div class=\"hkangles-elementor-widget hkangles_list_wrapper\">\n\t\t\t\t\t\t<div class=\"hkangles-list-wrapper\">\n\t\t\t\t<ul class=\"hkangles-list\">\n\t\t\t\t\t\t\t\t\t\t\t\t\t<li class=\"list-item\">\n\t\t\t\t\t\t\t\t\t\t\t\t\t\t\t\t\t\t\t\t<div class=\"hkangles-list-icon\"><i aria-hidden=\"true\" class=\"flaticon flaticon-check-mark\"><\/i><\/div>\n\t\t\t\t\t\t\t\t\t\t\t\t\t\t\t\t\t\t\t\t\t\t\t\t\t\t\t\t\t\t<p class=\"hkangles-list-info\" >\n\t\t\t\t\t\t\t\t\t\t<a href=\"#\" target=\"_blank\" rel=\"nofollow\" >Blutbild und Blutbiochemie<\/a>\t\t\t\t\t\t\t\t\t\t<\/p>\n\n\t\t\t\t\t\t\t\t\t\t\t\t\t\t\t\t\t<\/li>\n\t\t\t\t\t\t\t\t\t\t\t\t\t\t\t\t<li class=\"list-item\">\n\t\t\t\t\t\t\t\t\t\t\t\t\t\t\t\t\t\t\t\t<div class=\"hkangles-list-icon\"><i aria-hidden=\"true\" class=\"flaticon flaticon-check-mark\"><\/i><\/div>\n\t\t\t\t\t\t\t\t\t\t\t\t\t\t\t\t\t\t\t\t\t\t\t\t\t\t\t\t\t\t<p class=\"hkangles-list-info\" >\n\t\t\t\t\t\t\t\t\t\t<a href=\"#\" target=\"_blank\" rel=\"nofollow\" >Hormontests<\/a>\t\t\t\t\t\t\t\t\t\t<\/p>\n\n\t\t\t\t\t\t\t\t\t\t\t\t\t\t\t\t\t<\/li>\n\t\t\t\t\t\t\t\t\t\t\t\t\t\t\t\t<li class=\"list-item\">\n\t\t\t\t\t\t\t\t\t\t\t\t\t\t\t\t\t\t\t\t<div class=\"hkangles-list-icon\"><i aria-hidden=\"true\" class=\"flaticon flaticon-check-mark\"><\/i><\/div>\n\t\t\t\t\t\t\t\t\t\t\t\t\t\t\t\t\t\t\t\t\t\t\t\t\t\t\t\t\t\t<p class=\"hkangles-list-info\" >\n\t\t\t\t\t\t\t\t\t\t<a href=\"#\" target=\"_blank\" rel=\"nofollow\" >Sonographie des gesamten Abdomens<\/a>\t\t\t\t\t\t\t\t\t\t<\/p>\n\n\t\t\t\t\t\t\t\t\t\t\t\t\t\t\t\t\t<\/li>\n\t\t\t\t\t\t\t\t\t\t\t\t\t\t\t\t<li class=\"list-item\">\n\t\t\t\t\t\t\t\t\t\t\t\t\t\t\t\t\t\t\t\t<div class=\"hkangles-list-icon\"><i aria-hidden=\"true\" class=\"flaticon flaticon-check-mark\"><\/i><\/div>\n\t\t\t\t\t\t\t\t\t\t\t\t\t\t\t\t\t\t\t\t\t\t\t\t\t\t\t\t\t\t<p class=\"hkangles-list-info\" >\n\t\t\t\t\t\t\t\t\t\t<a href=\"#\" target=\"_blank\" rel=\"nofollow\" >KG, R\u00f6ntgen-Thorax<\/a>\t\t\t\t\t\t\t\t\t\t<\/p>\n\n\t\t\t\t\t\t\t\t\t\t\t\t\t\t\t\t\t<\/li>\n\t\t\t\t\t\t\t\t\t\t\t\t\t\t\t\t<li class=\"list-item\">\n\t\t\t\t\t\t\t\t\t\t\t\t\t\t\t\t\t\t\t\t<div class=\"hkangles-list-icon\"><i aria-hidden=\"true\" class=\"flaticon flaticon-check-mark\"><\/i><\/div>\n\t\t\t\t\t\t\t\t\t\t\t\t\t\t\t\t\t\t\t\t\t\t\t\t\t\t\t\t\t\t<p class=\"hkangles-list-info\" >\n\t\t\t\t\t\t\t\t\t\t<a href=\"#\" target=\"_blank\" rel=\"nofollow\" >Obere Endoskopie<\/a>\t\t\t\t\t\t\t\t\t\t<\/p>\n\n\t\t\t\t\t\t\t\t\t\t\t\t\t\t\t\t\t<\/li>\n\t\t\t\t\t\t\t\t\t\t\t\t<\/ul>\n\t\t\t<\/div>\n\t\t<\/div>\n\t\t\t\t<\/div>\n\t\t\t\t<\/div>\n\t\t\t\t<div class=\"elementor-element elementor-element-fad057b elementor-widget elementor-widget-text-editor\" data-id=\"fad057b\" data-element_type=\"widget\" data-widget_type=\"text-editor.default\">\n\t\t\t\t<div class=\"elementor-widget-container\">\n\t\t\t\t\t\t\t\t<div class=\"elementor-text-editor elementor-clearfix\">\n\t\t\t\t<div class=\"gmail_quote\"><div>Zus\u00e4tzlich zu den oben aufgef\u00fchrten Untersuchungen wird der Patient von Fach\u00e4rzten f\u00fcr Innere Medizin, Brusterkrankungen, Kardiologie, Psychiatrie und An\u00e4sthesie untersucht. Bei Bedarf werden zus\u00e4tzliche Untersuchungen wie Lungenfunktionstests und Herz-Echokardiographie durchgef\u00fchrt, und Experten bereiten notwendige Behandlungen vor der Operation vor. Wenn alles in Ordnung ist, um mit der Operation zu beginnen, wird der Patient in das Operationsprogramm aufgenommen.<\/div><div>\u00a0<\/div><div><h5><strong>Informationen zum Operationsprozess nach Adipositas \/ Information About The Post-Obesity Surgery Process<\/strong><\/h5><div>\u00a0<\/div><div>Die Patienten sind in der Regel bequem genug, um vier bis sechs Stunden nach der Operation im Service zu gehen.\u00a0<\/div><div>\u00a0<\/div><div>Nach der Operation k\u00f6nnen bis zu einem gewissen Grad \u00dcbelkeit, Erbrechen und Schmerzen auftreten.<br \/>\u00a0<\/div><div>Bei Bedarf wird am ersten Tag nach der Operation eine Dichtheitspr\u00fcfung durchgef\u00fchrt. Wenn alles in Ordnung ist, werden klare Fl\u00fcssigkeiten wie Wasser und Apfelsaft schluckweise verabreicht.\u00a0<\/div><div>\u00a0<\/div><div>Eine Ern\u00e4hrungsberatung wird von einem Ern\u00e4hrungsberater durchgef\u00fchrt.<br \/>\u00a0<\/div><div>Am dritten oder vierten Tag werden Schmerzmittel, Gerinnungshemmer und Medikamente gegen \u00dcbelkeit verschrieben und Proteinpr\u00e4parate bereitgestellt.<br \/>\u00a0<\/div><div>In den folgenden sechs bis acht Wochen beginnt der Patient mit einem speziellen Ern\u00e4hrungsprogramm und ern\u00e4hrungswissenschaftlicher Begleitung, statt fl\u00fcssiger Nahrung feste Nahrung zu sich zu nehmen.\u00a0<\/div><div>\u00a0<\/div><div>W\u00e4hrend der Nachbeobachtungszeit kann eine Protein-, Vitamin- und Elementerg\u00e4nzung basierend auf einer klinischen Bewertung und intermittierenden Bluttests empfohlen werden.<br \/>\u00a0<\/div><div>Der Patient wird zwei Jahre lang in regelm\u00e4\u00dfigen Abst\u00e4nden auf eine effektive und gesunde Gewichtsabnahme hin untersucht.<\/div><\/div><\/div>\t\t\t\t\t<\/div>\n\t\t\t\t\t\t<\/div>\n\t\t\t\t<\/div>\n\t\t\t\t\t\t<\/div>\n\t\t\t\t\t<\/div>\n\t\t<\/div>\n\t\t\t\t\t\t\t\t<\/div>\n\t\t\t\t\t<\/div>\n\t\t<\/section>\n\t\t\t\t\t\t\t\t\t<\/div>\n\t\t\t<\/div>\n\t\t\t\t\t<\/div>","protected":false},"excerpt":{"rendered":"<p>What Are The Preparations Before Bariatric Surgery? Although all patients are evaluated individually, the following tests are required for each patient: Blood count and blood biochemistry Hormone tests Whole abdominal ultrasonography EKG, Chest X-ray Upper Endoscopy In addition to the examinations listed above, specialists of Internal Medicine, Chest Diseases, Cardiology, Psychiatry and Anesthesia evaluate the [&hellip;]<\/p>","protected":false},"author":1,"featured_media":0,"parent":0,"menu_order":0,"comment_status":"closed","ping_status":"closed","template":"elementor_header_footer","meta":{"_glsr_average":0,"_glsr_ranking":0,"_glsr_reviews":0,"footnotes":""},"class_list":["post-24824","page","type-page","status-publish","hentry","without-image"],"_links":{"self":[{"href":"https:\/\/safebookingsurgery.com\/de\/wp-json\/wp\/v2\/pages\/24824","targetHints":{"allow":["GET"]}}],"collection":[{"href":"https:\/\/safebookingsurgery.com\/de\/wp-json\/wp\/v2\/pages"}],"about":[{"href":"https:\/\/safebookingsurgery.com\/de\/wp-json\/wp\/v2\/types\/page"}],"author":[{"embeddable":true,"href":"https:\/\/safebookingsurgery.com\/de\/wp-json\/wp\/v2\/users\/1"}],"replies":[{"embeddable":true,"href":"https:\/\/safebookingsurgery.com\/de\/wp-json\/wp\/v2\/comments?post=24824"}],"version-history":[{"count":7,"href":"https:\/\/safebookingsurgery.com\/de\/wp-json\/wp\/v2\/pages\/24824\/revisions"}],"predecessor-version":[{"id":24869,"href":"https:\/\/safebookingsurgery.com\/de\/wp-json\/wp\/v2\/pages\/24824\/revisions\/24869"}],"wp:attachment":[{"href":"https:\/\/safebookingsurgery.com\/de\/wp-json\/wp\/v2\/media?parent=24824"}],"curies":[{"name":"wp","href":"https:\/\/api.w.org\/{rel}","templated":true}]}}